{"id":4961,"date":"2025-12-04T22:53:23","date_gmt":"2025-12-04T22:53:23","guid":{"rendered":"https:\/\/7monivel.com\/?page_id=4961"},"modified":"2025-12-05T18:24:06","modified_gmt":"2025-12-05T18:24:06","slug":"servicios","status":"publish","type":"page","link":"https:\/\/7monivel.com\/?page_id=4961","title":{"rendered":"SERVICIOS"},"content":{"rendered":"<p>[et_pb_section fb_built=&#8221;1&#8243; _builder_version=&#8221;4.27.4&#8243; _module_preset=&#8221;default&#8221; custom_padding=&#8221;0px||0px||false|false&#8221; locked=&#8221;off&#8221; global_colors_info=&#8221;{}&#8221;][et_pb_row _builder_version=&#8221;4.27.4&#8243; _module_preset=&#8221;default&#8221; width=&#8221;100%&#8221; max_width=&#8221;1920px&#8221; custom_padding=&#8221;0px||||false|false&#8221; global_colors_info=&#8221;{}&#8221;][et_pb_column type=&#8221;4_4&#8243; _builder_version=&#8221;4.22.2&#8243; _module_preset=&#8221;default&#8221; global_colors_info=&#8221;{}&#8221;][et_pb_slider use_bg_overlay=&#8221;on&#8221; bg_overlay_color=&#8221;rgba(0,0,0,0.21)&#8221; _builder_version=&#8221;4.27.4&#8243; _module_preset=&#8221;default&#8221; hover_enabled=&#8221;0&#8243; global_colors_info=&#8221;{}&#8221; sticky_enabled=&#8221;0&#8243;][et_pb_slide heading=&#8221;Nuestros Servicios&#8221; _builder_version=&#8221;4.27.4&#8243; _module_preset=&#8221;default&#8221; header_font=&#8221;Albert Sans|700|||||||&#8221; header_text_align=&#8221;left&#8221; background_image=&#8221;https:\/\/7monivel.com\/wp-content\/uploads\/2025\/11\/WhatsApp-Image-2025-11-10-at-11.15.08.jpeg&#8221; background_enable_image=&#8221;on&#8221; custom_button=&#8221;on&#8221; button_text_size=&#8221;27px&#8221; button_bg_color=&#8221;rgba(63,151,63,0.25)&#8221; button_border_width=&#8221;2px&#8221; button_border_color=&#8221;#7CDA24&#8243; button_border_radius=&#8221;70px&#8221; button_font=&#8221;Albert Sans|700|||||||&#8221; button_alignment=&#8221;left&#8221; custom_padding=&#8221;||50px||false|false&#8221; global_colors_info=&#8221;{}&#8221; sticky_transition=&#8221;on&#8221;][\/et_pb_slide][\/et_pb_slider][\/et_pb_column][\/et_pb_row][\/et_pb_section][et_pb_section fb_built=&#8221;1&#8243; specialty=&#8221;on&#8221; _builder_version=&#8221;4.27.4&#8243; _module_preset=&#8221;default&#8221; global_colors_info=&#8221;{}&#8221;][et_pb_column type=&#8221;1_2&#8243; _builder_version=&#8221;4.16&#8243; custom_padding=&#8221;|||&#8221; global_colors_info=&#8221;{}&#8221; custom_padding__hover=&#8221;|||&#8221;][et_pb_image src=&#8221;https:\/\/7monivel.com\/wp-content\/uploads\/2025\/12\/OK.jpg&#8221; title_text=&#8221;xr:d:DAFpQZmV-3g:85,j:8044956887733282580,t:23090610&#8243; _builder_version=&#8221;4.27.4&#8243; _module_preset=&#8221;default&#8221; global_colors_info=&#8221;{}&#8221;][\/et_pb_image][\/et_pb_column][et_pb_column type=&#8221;1_2&#8243; specialty_columns=&#8221;2&#8243; _builder_version=&#8221;4.16&#8243; custom_padding=&#8221;|||&#8221; global_colors_info=&#8221;{}&#8221; custom_padding__hover=&#8221;|||&#8221;][et_pb_row_inner _builder_version=&#8221;4.27.4&#8243; _module_preset=&#8221;default&#8221; global_colors_info=&#8221;{}&#8221;][et_pb_column_inner saved_specialty_column_type=&#8221;1_2&#8243; _builder_version=&#8221;4.27.4&#8243; _module_preset=&#8221;default&#8221; global_colors_info=&#8221;{}&#8221;][et_pb_text _builder_version=&#8221;4.27.4&#8243; _module_preset=&#8221;default&#8221; text_font=&#8221;Albert Sans|700|||||||&#8221; text_text_color=&#8221;#000000&#8243; text_font_size=&#8221;20px&#8221; custom_margin=&#8221;10px||10px||false|false&#8221; locked=&#8221;off&#8221; global_colors_info=&#8221;{}&#8221;]<\/p>\n<p>DISE\u00d1O ARQUITECT\u00d3NICO<\/p>\n<p>[\/et_pb_text][et_pb_divider color=&#8221;#000000&#8243; divider_weight=&#8221;3px&#8221; _builder_version=&#8221;4.27.4&#8243; _module_preset=&#8221;default&#8221; width=&#8221;15%&#8221; custom_margin=&#8221;||0px||false|false&#8221; locked=&#8221;off&#8221; global_colors_info=&#8221;{}&#8221;][\/et_pb_divider][et_pb_text _builder_version=&#8221;4.27.4&#8243; _module_preset=&#8221;default&#8221; text_font=&#8221;Albert Sans|300|||||||&#8221; text_text_color=&#8221;#000000&#8243; text_font_size=&#8221;18px&#8221; text_line_height=&#8221;1em&#8221; text_orientation=&#8221;justified&#8221; locked=&#8221;off&#8221; global_colors_info=&#8221;{}&#8221;]<\/p>\n<p><span>Desarrollamos proyectos arquitect\u00f3nicos a la medida: residenciales, comerciales e industriales. Desde el concepto inicial hasta renders 3D, creamos espacios que combinan est\u00e9tica, funcionalidad y durabilidad.<\/span><\/p>\n<p><span>Nos comprometemos con la calidad, seguridad y credibilidad para que puedas confiar plenamente en cada fase del proceso arquitect\u00f3nico y constructivo.<\/span><\/p>\n<p>[\/et_pb_text][et_pb_text _builder_version=&#8221;4.27.4&#8243; _module_preset=&#8221;default&#8221; text_font=&#8221;Albert Sans|700|||||||&#8221; text_text_color=&#8221;#000000&#8243; text_font_size=&#8221;20px&#8221; custom_margin=&#8221;20px||10px||false|false&#8221; locked=&#8221;off&#8221; global_colors_info=&#8221;{}&#8221;]<\/p>\n<p>NUESTROS BENEFICIOS<\/p>\n<p>[\/et_pb_text][et_pb_text _builder_version=&#8221;4.27.4&#8243; _module_preset=&#8221;default&#8221; text_font=&#8221;Albert Sans|300|||||||&#8221; text_text_color=&#8221;#000000&#8243; text_font_size=&#8221;16px&#8221; text_line_height=&#8221;1.1em&#8221; custom_margin=&#8221;|50px|||false|false&#8221; locked=&#8221;off&#8221; global_colors_info=&#8221;{}&#8221;]<\/p>\n<p>\ud83c\udfd7\ufe0fExperiencia solida en proyectos Pesidenciales,<br \/>Comerciales e Industriales.<\/p>\n<p>\ud83e\udd1d Procesos transparentes y comunicaci\u00f3n<br \/>constante con el cliente.<\/p>\n<p>\u2705 Entregas puntuales con altos est\u00e1ndares<br \/>de Calidad y Seguridad.<\/p>\n<p>\ud83d\udcd0 Visualizaci\u00f3n 3D previa para tomar<br \/>mejores decisiones.<\/p>\n<p>\ud83d\udc77 Supervici\u00f3n y gesti\u00f3n integral de la obra.<\/p>\n<p>[\/et_pb_text][\/et_pb_column_inner][\/et_pb_row_inner][\/et_pb_column][\/et_pb_section][et_pb_section fb_built=&#8221;1&#8243; prev_background_color=&#8221;#ffffff&#8221; _builder_version=&#8221;4.27.4&#8243; _module_preset=&#8221;default&#8221; background_color=&#8221;#0f2340&#8243; top_divider_style=&#8221;asymmetric2&#8243; top_divider_flip=&#8221;vertical&#8221; locked=&#8221;off&#8221; global_colors_info=&#8221;{}&#8221;][et_pb_row _builder_version=&#8221;4.27.4&#8243; _module_preset=&#8221;default&#8221; global_colors_info=&#8221;{}&#8221;][et_pb_column type=&#8221;4_4&#8243; _builder_version=&#8221;4.27.4&#8243; _module_preset=&#8221;default&#8221; global_colors_info=&#8221;{}&#8221;][et_pb_text _builder_version=&#8221;4.27.4&#8243; _module_preset=&#8221;default&#8221; text_font=&#8221;Albert Sans|700|||||||&#8221; text_text_color=&#8221;#FFFFFF&#8221; text_font_size=&#8221;17px&#8221; text_orientation=&#8221;center&#8221; custom_margin=&#8221;20px||10px||false|false&#8221; locked=&#8221;off&#8221; global_colors_info=&#8221;{}&#8221;]<\/p>\n<p>ACERCA DE NOSOTROS<\/p>\n<p>[\/et_pb_text][et_pb_divider color=&#8221;#FFFFFF&#8221; divider_weight=&#8221;3px&#8221; _builder_version=&#8221;4.27.4&#8243; _module_preset=&#8221;default&#8221; width=&#8221;10%&#8221; module_alignment=&#8221;center&#8221; custom_margin=&#8221;||0px||false|false&#8221; global_colors_info=&#8221;{}&#8221;][\/et_pb_divider][et_pb_text _builder_version=&#8221;4.27.4&#8243; _module_preset=&#8221;default&#8221; text_font=&#8221;Albert Sans|900|||||||&#8221; text_text_color=&#8221;#FFFFFF&#8221; text_font_size=&#8221;32px&#8221; text_line_height=&#8221;1.2em&#8221; text_orientation=&#8221;center&#8221; global_colors_info=&#8221;{}&#8221;]<\/p>\n<p>Arquitectura y Construcci\u00f3n.<br \/>Dise\u00f1amos y edificamos tu visi\u00f3n.<\/p>\n<p>[\/et_pb_text][\/et_pb_column][\/et_pb_row][et_pb_row column_structure=&#8221;1_3,1_3,1_3&#8243; _builder_version=&#8221;4.27.4&#8243; _module_preset=&#8221;default&#8221; global_colors_info=&#8221;{}&#8221;][et_pb_column type=&#8221;1_3&#8243; _builder_version=&#8221;4.27.4&#8243; _module_preset=&#8221;default&#8221; background_enable_color=&#8221;off&#8221; global_colors_info=&#8221;{}&#8221;][dipl_image_card title=&#8221;Dise\u00f1o y Planeaci\u00f3n Arquitect\u00f3nica&#8221; image=&#8221;https:\/\/7monivel.com\/wp-content\/uploads\/2025\/12\/PLANEACION-1.jpg&#8221; icon=&#8221;&#xf6f1;||fa||900&#8243; icon_color=&#8221;#E09900&#8243; content_bg_color=&#8221;#606060&#8243; _builder_version=&#8221;4.27.4&#8243; _module_preset=&#8221;default&#8221; title_font=&#8221;|700|||||||&#8221; title_text_align=&#8221;center&#8221; title_text_color=&#8221;#FFFFFF&#8221; content_text_align=&#8221;justify&#8221; content_text_color=&#8221;#FFFFFF&#8221; box_shadow_style=&#8221;preset1&#8243; box_shadow_color=&#8221;#FFFFFF&#8221; global_colors_info=&#8221;{}&#8221; transform_styles__hover_enabled=&#8221;on|hover&#8221; transform_scale__hover_enabled=&#8221;on|hover&#8221; transform_translate__hover_enabled=&#8221;on|desktop&#8221; transform_rotate__hover_enabled=&#8221;on|desktop&#8221; transform_skew__hover_enabled=&#8221;on|desktop&#8221; transform_origin__hover_enabled=&#8221;on|desktop&#8221; transform_scale__hover=&#8221;105%|105%&#8221;]<\/p>\n<p><span dir=\"auto\" style=\"vertical-align: inherit;\">Transformamos tus ideas y planos en renders profesionales. Nuestro equipo dise\u00f1a espacios Industriales y Comerciales con enfoque en Funcionalidad, Seguridad y Est\u00e9tica.<\/span><\/p>\n<p>[\/dipl_image_card][\/et_pb_column][et_pb_column type=&#8221;1_3&#8243; _builder_version=&#8221;4.27.4&#8243; _module_preset=&#8221;default&#8221; global_colors_info=&#8221;{}&#8221;][dipl_image_card title=&#8221;Construcci\u00f3n y Supervisi\u00f3n de Obras&#8221; image=&#8221;https:\/\/7monivel.com\/wp-content\/uploads\/2025\/12\/SUPERVISION.jpg&#8221; icon=&#8221;&#xf6f1;||fa||900&#8243; icon_color=&#8221;#E09900&#8243; content_bg_color=&#8221;#606060&#8243; _builder_version=&#8221;4.27.4&#8243; _module_preset=&#8221;default&#8221; title_font=&#8221;|700|||||||&#8221; title_text_align=&#8221;center&#8221; title_text_color=&#8221;#FFFFFF&#8221; content_text_align=&#8221;justify&#8221; content_text_color=&#8221;#FFFFFF&#8221; box_shadow_style=&#8221;preset1&#8243; box_shadow_color=&#8221;#FFFFFF&#8221; global_colors_info=&#8221;{}&#8221; transform_styles__hover_enabled=&#8221;on|hover&#8221; transform_scale__hover_enabled=&#8221;on|hover&#8221; transform_translate__hover_enabled=&#8221;on|desktop&#8221; transform_rotate__hover_enabled=&#8221;on|desktop&#8221; transform_skew__hover_enabled=&#8221;on|desktop&#8221; transform_origin__hover_enabled=&#8221;on|desktop&#8221; transform_scale__hover=&#8221;105%|105%&#8221;]<\/p>\n<p><span dir=\"auto\" style=\"vertical-align: inherit;\"><span dir=\"auto\" style=\"vertical-align: inherit;\"><span dir=\"auto\" style=\"vertical-align: inherit;\">Nos encargamos de la construcci\u00f3n de tus proyectos Industriales y Comerciales con materiales de primera calidad y estricta supervisi\u00f3n para cumplir en tiempo y forma.<\/span><\/span><\/span><\/p>\n<p>[\/dipl_image_card][\/et_pb_column][et_pb_column type=&#8221;1_3&#8243; _builder_version=&#8221;4.27.4&#8243; _module_preset=&#8221;default&#8221; global_colors_info=&#8221;{}&#8221;][dipl_image_card title=&#8221;Remodelaciones y ampliaciones Industriales&#8221; image=&#8221;https:\/\/7monivel.com\/wp-content\/uploads\/2025\/12\/REMODELACION.jpg&#8221; icon=&#8221;&#xf6f1;||fa||900&#8243; icon_color=&#8221;#E09900&#8243; content_bg_color=&#8221;#606060&#8243; _builder_version=&#8221;4.27.4&#8243; _module_preset=&#8221;default&#8221; title_font=&#8221;|700|||||||&#8221; title_text_align=&#8221;center&#8221; title_text_color=&#8221;#FFFFFF&#8221; content_text_align=&#8221;justify&#8221; content_text_color=&#8221;#FFFFFF&#8221; box_shadow_style=&#8221;preset1&#8243; box_shadow_color=&#8221;#FFFFFF&#8221; global_colors_info=&#8221;{}&#8221; transform_styles__hover_enabled=&#8221;on|hover&#8221; transform_scale__hover_enabled=&#8221;on|hover&#8221; transform_translate__hover_enabled=&#8221;on|desktop&#8221; transform_rotate__hover_enabled=&#8221;on|desktop&#8221; transform_skew__hover_enabled=&#8221;on|desktop&#8221; transform_origin__hover_enabled=&#8221;on|desktop&#8221; transform_scale__hover=&#8221;105%|105%&#8221;]<\/p>\n<p><span dir=\"auto\" style=\"vertical-align: inherit;\"><span dir=\"auto\" style=\"vertical-align: inherit;\"><span dir=\"auto\" style=\"vertical-align: inherit;\">Mejoramos y ampliamos tus instalaciones para maximizar la eficiencia operativa. Remodelamos procesos \u00e1giles y respetando normas de Seguridad Industrial.<\/span><\/span><\/span><\/p>\n<p>[\/dipl_image_card][\/et_pb_column][\/et_pb_row][\/et_pb_section]<\/p>\n","protected":false},"excerpt":{"rendered":"<p>DISE\u00d1O ARQUITECT\u00d3NICODesarrollamos proyectos arquitect\u00f3nicos a la medida: residenciales, comerciales e industriales. Desde el concepto inicial hasta renders 3D, creamos espacios que combinan est\u00e9tica, funcionalidad y durabilidad. Nos comprometemos con la calidad, seguridad y credibilidad para que puedas confiar plenamente en cada fase del proceso arquitect\u00f3nico y constructivo.NUESTROS BENEFICIOS\ud83c\udfd7\ufe0fExperiencia solida en proyectos Pesidenciales,Comerciales e Industriales. \ud83e\udd1d [&hellip;]<\/p>\n","protected":false},"author":1,"featured_media":0,"parent":0,"menu_order":0,"comment_status":"closed","ping_status":"closed","template":"","meta":{"_et_pb_use_builder":"on","_et_pb_old_content":"","_et_gb_content_width":"","_joinchat":[],"footnotes":""},"class_list":["post-4961","page","type-page","status-publish","hentry"],"_links":{"self":[{"href":"https:\/\/7monivel.com\/index.php?rest_route=\/wp\/v2\/pages\/4961","targetHints":{"allow":["GET"]}}],"collection":[{"href":"https:\/\/7monivel.com\/index.php?rest_route=\/wp\/v2\/pages"}],"about":[{"href":"https:\/\/7monivel.com\/index.php?rest_route=\/wp\/v2\/types\/page"}],"author":[{"embeddable":true,"href":"https:\/\/7monivel.com\/index.php?rest_route=\/wp\/v2\/users\/1"}],"replies":[{"embeddable":true,"href":"https:\/\/7monivel.com\/index.php?rest_route=%2Fwp%2Fv2%2Fcomments&post=4961"}],"version-history":[{"count":10,"href":"https:\/\/7monivel.com\/index.php?rest_route=\/wp\/v2\/pages\/4961\/revisions"}],"predecessor-version":[{"id":5129,"href":"https:\/\/7monivel.com\/index.php?rest_route=\/wp\/v2\/pages\/4961\/revisions\/5129"}],"wp:attachment":[{"href":"https:\/\/7monivel.com\/index.php?rest_route=%2Fwp%2Fv2%2Fmedia&parent=4961"}],"curies":[{"name":"wp","href":"https:\/\/api.w.org\/{rel}","templated":true}]}}